{"id":4085,"date":"2022-03-04T15:30:48","date_gmt":"2022-03-04T14:30:48","guid":{"rendered":"https:\/\/staging.erlebnis-weihnachtsmarkt.de\/?page_id=4085"},"modified":"2023-05-15T19:35:43","modified_gmt":"2023-05-15T17:35:43","slug":"haeufig-gestellte-fragen","status":"publish","type":"page","link":"https:\/\/staging.erlebnis-weihnachtsmarkt.de\/en\/haeufig-gestellte-fragen\/","title":{"rendered":"Frequently asked questions"},"content":{"rendered":"<div class=\"wpb-content-wrapper\"><section data-vc-full-width=\"true\" data-vc-full-width-init=\"false\" class=\"vc_section teaser400 bg-blau vc_section-o-content-bottom vc_section-flex\"><div class=\"vc_row wpb_row vc_row-fluid vc_row-o-content-middle vc_row-flex bbhd-overflow\"><div class=\"wpb_column vc_column_container vc_col-sm-12\"><div class=\"vc_column-inner\"><div class=\"wpb_wrapper\"><h4 style=\"text-align: center\" class=\"vc_custom_heading vc_do_custom_heading weiss claim wpb_animate_when_almost_visible wpb_fadeInUp fadeInUp\" >Frequently asked questions<\/h4><div class=\"vc_empty_space\"   style=\"height: 32px\"><span class=\"vc_empty_space_inner\"><\/span><\/div><\/div><\/div><\/div><\/div><\/section><div class=\"vc_row-full-width vc_clearfix\"><\/div><section data-vc-full-width=\"true\" data-vc-full-width-init=\"false\" class=\"vc_section bg-weiss vc_row-o-full-height vc_section-o-content-middle vc_section-flex\"><div data-vc-full-width=\"true\" data-vc-full-width-init=\"false\" class=\"vc_row wpb_row vc_row-fluid bbhd-overflow\"><div class=\"wpb_column vc_column_container vc_col-sm-12\"><div class=\"vc_column-inner\"><div class=\"wpb_wrapper\"><div class=\"ult-spacer spacer-69e2351d2d5d3\" data-id=\"69e2351d2d5d3\" data-height=\"40\" data-height-mobile=\"40\" data-height-tab=\"40\" data-height-tab-portrait=\"\" data-height-mobile-landscape=\"\" style=\"clear:both;display:block;\"><\/div><div class=\"vc_separator wpb_content_element vc_separator_align_left vc_sep_width_100 vc_sep_pos_align_left vc_sep_color_grey wpb_content_element gold vc_separator-has-text\" ><span class=\"vc_sep_holder vc_sep_holder_l\"><span class=\"vc_sep_line\"><\/span><\/span><h4>The event Christmas market Bad Hindelang<\/h4><span class=\"vc_sep_holder vc_sep_holder_r\"><span class=\"vc_sep_line\"><\/span><\/span>\n<\/div><div class=\"ult-spacer spacer-69e2351d2e2a4\" data-id=\"69e2351d2e2a4\" data-height=\"20\" data-height-mobile=\"20\" data-height-tab=\"20\" data-height-tab-portrait=\"\" data-height-mobile-landscape=\"\" style=\"clear:both;display:block;\"><\/div>\n\t<div class=\"wpb_text_column wpb_content_element schwarz\" >\n\t\t<div class=\"wpb_wrapper\">\n\t\t\t<ul>\n<li><strong>Where does the Christmas market take place?<\/strong><br \/>\nYou find the Christmas market in the village center of Bad Hindelang, in the whole Marktstra\u00dfe, Poststra\u00dfe as well as around the Alte Schloss (old castle), parish, city event hall and Bauernmarkt (farmer market).<\/li>\n<li><strong>When is the Christ Child at the market?<br \/>\n<\/strong>The Christ Child visits the Christmas market daily from 4.30 p.m. and can be found at the angels\u2018 workshop and at the heavenly post office.<br \/>\nA complete overview can be found on the menu point \"Daily Programme\"<\/li>\n<\/ul>\n\n\t\t<\/div>\n\t<\/div>\n<div class=\"ult-spacer spacer-69e2351d2ede9\" data-id=\"69e2351d2ede9\" data-height=\"20\" data-height-mobile=\"20\" data-height-tab=\"20\" data-height-tab-portrait=\"\" data-height-mobile-landscape=\"\" style=\"clear:both;display:block;\"><\/div><div class=\"vc_separator wpb_content_element vc_separator_align_left vc_sep_width_100 vc_sep_pos_align_left vc_sep_color_grey wpb_content_element gold vc_separator-has-text\" ><span class=\"vc_sep_holder vc_sep_holder_l\"><span class=\"vc_sep_line\"><\/span><\/span><h4>Entrance<\/h4><span class=\"vc_sep_holder vc_sep_holder_r\"><span class=\"vc_sep_line\"><\/span><\/span>\n<\/div>\n\t<div class=\"wpb_text_column wpb_content_element schwarz\" >\n\t\t<div class=\"wpb_wrapper\">\n\t\t\t<ul>\n<li><strong>Why does the Christmas market cost an entrance fee?<\/strong><br \/>\nThe Bad Hindelang Christmas market is no typical stand market, but a unique event Christmas market.<\/li>\n<li><strong>What does the entrance of \u201eErlebnis-Weihnachtsmarkt\u201c include?<br \/>\n&#8211;\u00a0<\/strong>All shuttle and line buses around Bad Hinelang to Sonthofen, Hinterstein, Oberjoch and Wertach<br \/>\n\u2013 Car parks free of charge<br \/>\n\u2013 All open-air concerts in front of the town hall, at the T\u00fcrmchenmarkt and Holzscheitendorf<br \/>\n\u2013 Crib &amp; Christmas tree exhibition<br \/>\n\u2013 Children event huts such as Villa Villekulla, candle house, heavenly workshop and heavenly post office<br \/>\n\u2013 Events on the Children\u2019s Day: carousel, baking with Pippi, children forging, children theater, Broadway Joe<br \/>\n\u2013 The entrance on Fridays and Sundays include the great Christmas parade with 150 figures from the fairy tale \u2013 and legend world.<\/li>\n<li><strong>What does the entrance cost?<\/strong><br \/>\nYou can find the current entrance prices <a href=\"https:\/\/staging.erlebnis-weihnachtsmarkt.de\/en\/service\/#2\">here<\/a><\/li>\n<li><strong>Where do you get the entrance tickets for the Christmas market?<\/strong><br \/>\nYou receive daily entrance tickets here online or directly at the ticket sales booth at the entrances of the Christmas market.<br \/>\nWochenend-Tickets &amp; VIP-Tickets sind ebenfalls hier online buchbar oder erh\u00e4ltlich im Vorverkauf bei der G\u00e4steinformation Bad Hindelang, Raiffeisenbank Kempten-Oberallg\u00e4u eG in Bad Hindelang.<\/li>\n<li><strong>If I possess \u201eSilent Night\u201c tickets, or tickets for further special events do I still have to pay the entrance fee for the Christmas market?<\/strong><br \/>\nMit einer Veranstaltungskarte erhalten Sie Donnerstags einen freien und am Wochenende einen rabattierten Eintritt zum Erlebnis-Weihnachtsmarkt. Mehr Infos zum Kombiticket erfahren Sie beim Erwerb Ihrer Stille Nacht Karten.<\/li>\n<li><strong>Are there any discounts for big groups\/buses?<br \/>\n<\/strong>Bus drivers and tour guides are free.<\/li>\n<li><strong>Is the entrance for disabled people free?<br \/>\n<\/strong>Yes, from an 80% disablity and showing a disability card. Please show it at the cashpoint , so that our staff can allow you the entrance to the market without problem.<\/li>\n<li><strong>Is the entrance free for children?<br \/>\n<\/strong>Children under 12 are admitted free of charge.<strong><br \/>\n<\/strong><\/li>\n<\/ul>\n\n\t\t<\/div>\n\t<\/div>\n<div class=\"ult-spacer spacer-69e2351d306bc\" data-id=\"69e2351d306bc\" data-height=\"20\" data-height-mobile=\"20\" data-height-tab=\"20\" data-height-tab-portrait=\"\" data-height-mobile-landscape=\"\" style=\"clear:both;display:block;\"><\/div><div class=\"vc_separator wpb_content_element vc_separator_align_left vc_sep_width_100 vc_sep_pos_align_left vc_sep_color_grey wpb_content_element gold vc_separator-has-text\" ><span class=\"vc_sep_holder vc_sep_holder_l\"><span class=\"vc_sep_line\"><\/span><\/span><h4>Advance tickets sale<\/h4><span class=\"vc_sep_holder vc_sep_holder_r\"><span class=\"vc_sep_line\"><\/span><\/span>\n<\/div>\n\t<div class=\"wpb_text_column wpb_content_element schwarz\" >\n\t\t<div class=\"wpb_wrapper\">\n\t\t\t<ul>\n<li><strong>When does the advance selling of tickets for the alpine Christmas opera \u201eSilent night\u201c start?<br \/>\n<\/strong>Tickets for the event \u201eSilent Night\u201c are available from now on. <a href=\"https:\/\/ticket.stille-nacht-weihnachtsoper.de\/?year=2022\" target=\"_blank\" rel=\"noopener\">Book here your tickets.<\/a><\/li>\n<li><strong>Where can I get the tickets for the alpine Christmas opera \"Silent Night\"?<br \/>\n<\/strong>Tickets for the event \u201eSilent Night\u201c are available from now on. <a href=\"https:\/\/ticket.stille-nacht-weihnachtsoper.de\/?year=2022\" target=\"_blank\" rel=\"noopener\">Book here your tickets.<\/a><br \/>\nYou can obtain presold tickets at the tourist  information Bad Hindelang, Unterer Buigenweg 2, 87541 Bad Hindelang, Tel. 08324 892-511, info@badhindelang.de<\/li>\n<\/ul>\n\n\t\t<\/div>\n\t<\/div>\n<div class=\"ult-spacer spacer-69e2351d31eca\" data-id=\"69e2351d31eca\" data-height=\"20\" data-height-mobile=\"20\" data-height-tab=\"20\" data-height-tab-portrait=\"\" data-height-mobile-landscape=\"\" style=\"clear:both;display:block;\"><\/div><div class=\"vc_separator wpb_content_element vc_separator_align_left vc_sep_width_100 vc_sep_pos_align_left vc_sep_color_grey wpb_content_element gold vc_separator-has-text\" ><span class=\"vc_sep_holder vc_sep_holder_l\"><span class=\"vc_sep_line\"><\/span><\/span><h4>Silent Night<\/h4><span class=\"vc_sep_holder vc_sep_holder_r\"><span class=\"vc_sep_line\"><\/span><\/span>\n<\/div>\n\t<div class=\"wpb_text_column wpb_content_element schwarz\" >\n\t\t<div class=\"wpb_wrapper\">\n\t\t\t<ul>\n<li><strong>When does the musical staging \u201eSilent Night\u201c take place?<\/strong><br \/>\nYou can find the current timetable on the menupoint \"<a href=\"https:\/\/ticket.stille-nacht-weihnachtsoper.de\/?year=2022\" target=\"_blank\" rel=\"noopener\">timetable and prices<\/a>&#8221; \u00bb.<\/li>\n<li><strong>Where can I buy the cards for \u201eSilent Night\u201c?<br \/>\n<\/strong>You can order your tickets online on <a href=\"https:\/\/ticket.stille-nacht-weihnachtsoper.de\/?year=2022\" target=\"_blank\" rel=\"noopener\">www.stille-nacht-weihnachtsoper.de<\/a><\/li>\n<\/ul>\n<p>Infohotline: +49 8324 \/ 5139-993<br \/>\nTickethotline: +49 8324 \/ 892-511<br \/>\n<a href=\"mailto:info@stille-nacht-weihnachtsoper.de\">info@stille-nacht-weihnachtsoper.de<\/a><\/p>\n<p>If you are lucky you can get tickets on short notice at the cash box of the touristinformation Bad Hindelang, Unterer Buigenweg 2, 87541 Bad Hindelang<\/p>\n\n\t\t<\/div>\n\t<\/div>\n<div class=\"ult-spacer spacer-69e2351d333f5\" data-id=\"69e2351d333f5\" data-height=\"20\" data-height-mobile=\"20\" data-height-tab=\"20\" data-height-tab-portrait=\"\" data-height-mobile-landscape=\"\" style=\"clear:both;display:block;\"><\/div><div class=\"vc_separator wpb_content_element vc_separator_align_left vc_sep_width_100 vc_sep_pos_align_left vc_sep_color_grey wpb_content_element gold vc_separator-has-text\" ><span class=\"vc_sep_holder vc_sep_holder_l\"><span class=\"vc_sep_line\"><\/span><\/span><h4>Car parks<\/h4><span class=\"vc_sep_holder vc_sep_holder_r\"><span class=\"vc_sep_line\"><\/span><\/span>\n<\/div>\n\t<div class=\"wpb_text_column wpb_content_element schwarz\" >\n\t\t<div class=\"wpb_wrapper\">\n\t\t\t<ul>\n<li><strong>Where can you park?<\/strong><br \/>\nDue to limited parking possibilites, we recommend that you use  preferentially public transport. Furthermore all car parkings are well signposted. Depending on the weather also other car parks can be indicated. Shuttle buses free of charge drive from the car parks to the Christmas market  as needed.<\/li>\n<li><strong>How far is the footpath to\/from the car park?<br \/>\n<\/strong>The footpath is about 10-15 walking minutes from the car park to the Christmas market and is also illuminated at night.<\/li>\n<li><strong>Does the shuttle bus also drive to Sonthofen and the surrounding area?<br \/>\n<\/strong>During the time of the \u201eErlebnis-Weihnachtsmarkt\u201c you can use all line and shuttle buses around Bad Hindelang to Sonthofen, Hinterstein, Oberjoch and Wertach free of charge.<\/li>\n<li><strong>Where can buses park?<br \/>\n<\/strong>Buses can let people on or off at designated and signposted areas at the Bad Hindelang bus station. From there the Christmas market can be reached within easy walking distance. All buses are then accompanied by the firebrigade Hindelang to the bus park.<\/li>\n<\/ul>\n\n\t\t<\/div>\n\t<\/div>\n<div class=\"ult-spacer spacer-69e2351d34c75\" data-id=\"69e2351d34c75\" data-height=\"20\" data-height-mobile=\"20\" data-height-tab=\"20\" data-height-tab-portrait=\"\" data-height-mobile-landscape=\"\" style=\"clear:both;display:block;\"><\/div><div class=\"vc_separator wpb_content_element vc_separator_align_left vc_sep_width_100 vc_sep_pos_align_left vc_sep_color_grey wpb_content_element gold vc_separator-has-text\" ><span class=\"vc_sep_holder vc_sep_holder_l\"><span class=\"vc_sep_line\"><\/span><\/span><h4>Accomodation\/restaurants\/programmes outside the market<\/h4><span class=\"vc_sep_holder vc_sep_holder_r\"><span class=\"vc_sep_line\"><\/span><\/span>\n<\/div>\n\t<div class=\"wpb_text_column wpb_content_element schwarz\" >\n\t\t<div class=\"wpb_wrapper\">\n\t\t\t<ul>\n<li><strong>Who should I contact if I look for  accomodation?<\/strong><br \/>\nYou can find accomodation either on the menu option <a href=\"https:\/\/staging.erlebnis-weihnachtsmarkt.de\/en\/gastgeber\/gastgeber-im-ueberblick\/\">Host<\/a> or by phone via the tourist information Bad Hindelang, phone number: +49 8324 8920<\/li>\n<li><strong>Which restaurants are open on Christmas market days in Bad Hindelang and the surrounding area?<\/strong><br \/>\nThe current list can be requested in each case in the Tourist Information, Tel. 08324 8920<\/li>\n<li><strong>Which fringe programmes can be organised outside the Christmas market?<\/strong><br \/>\nThe tourist information Bad Hindelang is looking forward to preparing information material for your programme, phone number: +49 8324 8920<\/li>\n<\/ul>\n\n\t\t<\/div>\n\t<\/div>\n<div class=\"ult-spacer spacer-69e2351d36780\" data-id=\"69e2351d36780\" data-height=\"20\" data-height-mobile=\"20\" data-height-tab=\"20\" data-height-tab-portrait=\"\" data-height-mobile-landscape=\"\" style=\"clear:both;display:block;\"><\/div><div class=\"vc_separator wpb_content_element vc_separator_align_left vc_sep_width_100 vc_sep_pos_align_left vc_sep_color_grey wpb_content_element gold vc_separator-has-text\" ><span class=\"vc_sep_holder vc_sep_holder_l\"><span class=\"vc_sep_line\"><\/span><\/span><h4>Toilets<\/h4><span class=\"vc_sep_holder vc_sep_holder_r\"><span class=\"vc_sep_line\"><\/span><\/span>\n<\/div>\n\t<div class=\"wpb_text_column wpb_content_element schwarz\" >\n\t\t<div class=\"wpb_wrapper\">\n\t\t\t<ul>\n<li><strong>Where do I find public toilets, especially toilets for disabled people?<\/strong><br \/>\nToilets (also for disabled people) can be found at the bus station and the city event hall. Further public toilets are located near the parish (village center).<br \/>\nA further toilet-wagon can be found at the bus station.<\/li>\n<\/ul>\n\n\t\t<\/div>\n\t<\/div>\n<div class=\"ult-spacer spacer-69e2351d37ead\" data-id=\"69e2351d37ead\" data-height=\"20\" data-height-mobile=\"20\" data-height-tab=\"20\" data-height-tab-portrait=\"\" data-height-mobile-landscape=\"\" style=\"clear:both;display:block;\"><\/div><div class=\"vc_separator wpb_content_element vc_separator_align_left vc_sep_width_100 vc_sep_pos_align_left vc_sep_color_grey wpb_content_element gold vc_separator-has-text\" ><span class=\"vc_sep_holder vc_sep_holder_l\"><span class=\"vc_sep_line\"><\/span><\/span><h4>Lost property office<\/h4><span class=\"vc_sep_holder vc_sep_holder_r\"><span class=\"vc_sep_line\"><\/span><\/span>\n<\/div>\n\t<div class=\"wpb_text_column wpb_content_element schwarz\" >\n\t\t<div class=\"wpb_wrapper\">\n\t\t\t<ul>\n<li><strong>Who should I contact if I lose or if I find something?<\/strong><br \/>\nCentral radio station, first floor of the town hall, phone +49 (0) 8324 892241<\/li>\n<\/ul>\n\n\t\t<\/div>\n\t<\/div>\n<div class=\"ult-spacer spacer-69e2351d39396\" data-id=\"69e2351d39396\" data-height=\"20\" data-height-mobile=\"20\" data-height-tab=\"20\" data-height-tab-portrait=\"\" data-height-mobile-landscape=\"\" style=\"clear:both;display:block;\"><\/div><div class=\"vc_separator wpb_content_element vc_separator_align_left vc_sep_width_100 vc_sep_pos_align_left vc_sep_color_grey wpb_content_element gold vc_separator-has-text\" ><span class=\"vc_sep_holder vc_sep_holder_l\"><span class=\"vc_sep_line\"><\/span><\/span><h4>First aid<\/h4><span class=\"vc_sep_holder vc_sep_holder_r\"><span class=\"vc_sep_line\"><\/span><\/span>\n<\/div>\n\t<div class=\"wpb_text_column wpb_content_element schwarz\" >\n\t\t<div class=\"wpb_wrapper\">\n\t\t\t<ul>\n<li><strong>Where is my contact point  when I need \u201eFirst aid\u201c?<\/strong><br \/>\n\u2013 Rescue control center Kempten, emergency call 112<br \/>\n\u2013 Patient transport, phone number +49 831 19222<br \/>\n\u2013 Central radio station, first floor of the town hall<br \/>\n- Exhibitor<\/li>\n<\/ul>\n\n\t\t<\/div>\n\t<\/div>\n<div class=\"ult-spacer spacer-69e2351d3a825\" data-id=\"69e2351d3a825\" data-height=\"20\" data-height-mobile=\"20\" data-height-tab=\"20\" data-height-tab-portrait=\"\" data-height-mobile-landscape=\"\" style=\"clear:both;display:block;\"><\/div><\/div><\/div><\/div><\/div><div class=\"vc_row-full-width vc_clearfix\"><\/div><\/section><div class=\"vc_row-full-width vc_clearfix\"><\/div>\n<\/div>","protected":false},"excerpt":{"rendered":"H\u00e4ufig gestellte FragenDer Erlebnis-Weihnachtsmarkt Bad Hindelang Wo findet der Weihnachtsmarkt statt? Sie finden den Weihnachtsmarkt in der Ortsmitte von Bad Hindelang, in der gesamten Marktstra\u00dfe, Poststra\u00dfe sowie rund um das Alte Schloss, Pfarrheim, Kurhaus und Bauernmarkt. Wann ist das Christkind auf dem Markt? T\u00e4glich ab 16.30 Uhr besucht das Christkind den Weihnachtsmarkt und ist bei [...]","protected":false},"author":2,"featured_media":0,"parent":0,"menu_order":0,"comment_status":"closed","ping_status":"closed","template":"","meta":{"_acf_changed":false,"footnotes":""},"class_list":["post-4085","page","type-page","status-publish","hentry"],"acf":[],"yoast_head":"<!-- This site is optimized with the Yoast SEO plugin v22.8 - https:\/\/yoast.com\/wordpress\/plugins\/seo\/ -->\n<title>H\u00e4ufig gestellte Fragen - Erlebnis-Weihnachtsmarkt<\/title>\n<meta name=\"robots\" content=\"noindex, follow, max-snippet:-1, max-image-preview:large, max-video-preview:-1\" \/>\n<meta property=\"og:locale\" content=\"en_GB\" \/>\n<meta property=\"og:type\" content=\"article\" \/>\n<meta property=\"og:title\" content=\"H\u00e4ufig gestellte Fragen - Erlebnis-Weihnachtsmarkt\" \/>\n<meta property=\"og:url\" content=\"https:\/\/staging.erlebnis-weihnachtsmarkt.de\/en\/haeufig-gestellte-fragen\/\" \/>\n<meta property=\"og:site_name\" content=\"Erlebnis-Weihnachtsmarkt\" \/>\n<meta property=\"article:modified_time\" content=\"2023-05-15T17:35:43+00:00\" \/>\n<meta name=\"twitter:card\" content=\"summary_large_image\" \/>\n<meta name=\"twitter:label1\" content=\"Estimated reading time\" \/>\n\t<meta name=\"twitter:data1\" content=\"5 minutes\" \/>\n<script type=\"application\/ld+json\" class=\"yoast-schema-graph\">{\"@context\":\"https:\/\/schema.org\",\"@graph\":[{\"@type\":\"WebPage\",\"@id\":\"https:\/\/staging.erlebnis-weihnachtsmarkt.de\/haeufig-gestellte-fragen\/\",\"url\":\"https:\/\/staging.erlebnis-weihnachtsmarkt.de\/haeufig-gestellte-fragen\/\",\"name\":\"H\u00e4ufig gestellte Fragen - Erlebnis-Weihnachtsmarkt\",\"isPartOf\":{\"@id\":\"https:\/\/staging.erlebnis-weihnachtsmarkt.de\/#website\"},\"datePublished\":\"2022-03-04T14:30:48+00:00\",\"dateModified\":\"2023-05-15T17:35:43+00:00\",\"breadcrumb\":{\"@id\":\"https:\/\/staging.erlebnis-weihnachtsmarkt.de\/haeufig-gestellte-fragen\/#breadcrumb\"},\"inLanguage\":\"en-GB\",\"potentialAction\":[{\"@type\":\"ReadAction\",\"target\":[\"https:\/\/staging.erlebnis-weihnachtsmarkt.de\/haeufig-gestellte-fragen\/\"]}]},{\"@type\":\"BreadcrumbList\",\"@id\":\"https:\/\/staging.erlebnis-weihnachtsmarkt.de\/haeufig-gestellte-fragen\/#breadcrumb\",\"itemListElement\":[{\"@type\":\"ListItem\",\"position\":1,\"name\":\"Startseite\",\"item\":\"https:\/\/staging.erlebnis-weihnachtsmarkt.de\/\"},{\"@type\":\"ListItem\",\"position\":2,\"name\":\"H\u00e4ufig gestellte Fragen\"}]},{\"@type\":\"WebSite\",\"@id\":\"https:\/\/staging.erlebnis-weihnachtsmarkt.de\/#website\",\"url\":\"https:\/\/staging.erlebnis-weihnachtsmarkt.de\/\",\"name\":\"Erlebnis-Weihnachtsmarkt\",\"description\":\"Bad Hindelang\",\"potentialAction\":[{\"@type\":\"SearchAction\",\"target\":{\"@type\":\"EntryPoint\",\"urlTemplate\":\"https:\/\/staging.erlebnis-weihnachtsmarkt.de\/?s={search_term_string}\"},\"query-input\":\"required name=search_term_string\"}],\"inLanguage\":\"en-GB\"}]}<\/script>\n<!-- \/ Yoast SEO plugin. -->","yoast_head_json":{"title":"H\u00e4ufig gestellte Fragen - Erlebnis-Weihnachtsmarkt","robots":{"index":"noindex","follow":"follow","max-snippet":"max-snippet:-1","max-image-preview":"max-image-preview:large","max-video-preview":"max-video-preview:-1"},"og_locale":"en_GB","og_type":"article","og_title":"H\u00e4ufig gestellte Fragen - Erlebnis-Weihnachtsmarkt","og_url":"https:\/\/staging.erlebnis-weihnachtsmarkt.de\/en\/haeufig-gestellte-fragen\/","og_site_name":"Erlebnis-Weihnachtsmarkt","article_modified_time":"2023-05-15T17:35:43+00:00","twitter_card":"summary_large_image","twitter_misc":{"Estimated reading time":"5 minutes"},"schema":{"@context":"https:\/\/schema.org","@graph":[{"@type":"WebPage","@id":"https:\/\/staging.erlebnis-weihnachtsmarkt.de\/haeufig-gestellte-fragen\/","url":"https:\/\/staging.erlebnis-weihnachtsmarkt.de\/haeufig-gestellte-fragen\/","name":"H\u00e4ufig gestellte Fragen - Erlebnis-Weihnachtsmarkt","isPartOf":{"@id":"https:\/\/staging.erlebnis-weihnachtsmarkt.de\/#website"},"datePublished":"2022-03-04T14:30:48+00:00","dateModified":"2023-05-15T17:35:43+00:00","breadcrumb":{"@id":"https:\/\/staging.erlebnis-weihnachtsmarkt.de\/haeufig-gestellte-fragen\/#breadcrumb"},"inLanguage":"en-GB","potentialAction":[{"@type":"ReadAction","target":["https:\/\/staging.erlebnis-weihnachtsmarkt.de\/haeufig-gestellte-fragen\/"]}]},{"@type":"BreadcrumbList","@id":"https:\/\/staging.erlebnis-weihnachtsmarkt.de\/haeufig-gestellte-fragen\/#breadcrumb","itemListElement":[{"@type":"ListItem","position":1,"name":"Startseite","item":"https:\/\/staging.erlebnis-weihnachtsmarkt.de\/"},{"@type":"ListItem","position":2,"name":"H\u00e4ufig gestellte Fragen"}]},{"@type":"WebSite","@id":"https:\/\/staging.erlebnis-weihnachtsmarkt.de\/#website","url":"https:\/\/staging.erlebnis-weihnachtsmarkt.de\/","name":"Erlebnis-Weihnachtsmarkt","description":"Bad Hindelang","potentialAction":[{"@type":"SearchAction","target":{"@type":"EntryPoint","urlTemplate":"https:\/\/staging.erlebnis-weihnachtsmarkt.de\/?s={search_term_string}"},"query-input":"required name=search_term_string"}],"inLanguage":"en-GB"}]}},"_links":{"self":[{"href":"https:\/\/staging.erlebnis-weihnachtsmarkt.de\/en\/wp-json\/wp\/v2\/pages\/4085","targetHints":{"allow":["GET"]}}],"collection":[{"href":"https:\/\/staging.erlebnis-weihnachtsmarkt.de\/en\/wp-json\/wp\/v2\/pages"}],"about":[{"href":"https:\/\/staging.erlebnis-weihnachtsmarkt.de\/en\/wp-json\/wp\/v2\/types\/page"}],"author":[{"embeddable":true,"href":"https:\/\/staging.erlebnis-weihnachtsmarkt.de\/en\/wp-json\/wp\/v2\/users\/2"}],"replies":[{"embeddable":true,"href":"https:\/\/staging.erlebnis-weihnachtsmarkt.de\/en\/wp-json\/wp\/v2\/comments?post=4085"}],"version-history":[{"count":30,"href":"https:\/\/staging.erlebnis-weihnachtsmarkt.de\/en\/wp-json\/wp\/v2\/pages\/4085\/revisions"}],"predecessor-version":[{"id":5018,"href":"https:\/\/staging.erlebnis-weihnachtsmarkt.de\/en\/wp-json\/wp\/v2\/pages\/4085\/revisions\/5018"}],"wp:attachment":[{"href":"https:\/\/staging.erlebnis-weihnachtsmarkt.de\/en\/wp-json\/wp\/v2\/media?parent=4085"}],"curies":[{"name":"wp","href":"https:\/\/api.w.org\/{rel}","templated":true}]}}