{"id":3881,"date":"2022-03-03T12:41:51","date_gmt":"2022-03-03T11:41:51","guid":{"rendered":"https:\/\/staging.erlebnis-weihnachtsmarkt.de\/?page_id=3881"},"modified":"2024-01-31T16:01:38","modified_gmt":"2024-01-31T15:01:38","slug":"die-aussteller","status":"publish","type":"page","link":"https:\/\/staging.erlebnis-weihnachtsmarkt.de\/en\/die-aussteller\/","title":{"rendered":"Die Aussteller"},"content":{"rendered":"<div class=\"wpb-content-wrapper\"><section data-vc-full-width=\"true\" data-vc-full-width-init=\"false\" data-vc-stretch-content=\"true\" class=\"vc_section vc_row-o-full-height vc_section-o-content-bottom vc_section-flex\"><div class=\"vc_row wpb_row vc_row-fluid teaser900 bg-mobil vc_row-o-full-height vc_row-o-columns-bottom vc_row-o-content-middle vc_row-flex bbhd-overflow\"><div class=\"wpb_column vc_column_container vc_col-sm-12\"><div class=\"vc_column-inner\"><div class=\"wpb_wrapper\"><div class=\"ult-spacer spacer-69e22f9345f64\" data-id=\"69e22f9345f64\" data-height=\"100\" data-height-mobile=\"100\" data-height-tab=\"100\" data-height-tab-portrait=\"\" data-height-mobile-landscape=\"\" style=\"clear:both;display:block;\"><\/div><h3 style=\"text-align: center\" class=\"vc_custom_heading vc_do_custom_heading weiss claim heading-margin wpb_animate_when_almost_visible wpb_fadeInUp fadeInUp\" >Our exhibitors<\/h3><div class=\"ult-spacer spacer-69e22f9346bf1\" data-id=\"69e22f9346bf1\" data-height=\"100\" data-height-mobile=\"250\" data-height-tab=\"100\" data-height-tab-portrait=\"100\" data-height-mobile-landscape=\"250\" style=\"clear:both;display:block;\"><\/div><\/div><\/div><\/div><\/div><!-- Row Backgrounds --><div class=\"upb_bg_img\" data-ultimate-bg=\"url(https:\/\/staging.erlebnis-weihnachtsmarkt.de\/wp-content\/uploads\/2022\/02\/Aussteller.jpg)\" data-image-id=\"id^2971|url^https:\/\/staging.erlebnis-weihnachtsmarkt.de\/wp-content\/uploads\/2022\/02\/Aussteller.jpg|caption^null|alt^null|title^Aussteller|description^null\" data-ultimate-bg-style=\"vcpb-default\" data-bg-img-repeat=\"no-repeat\" data-bg-img-size=\"cover\" data-bg-img-position=\"bottom center\" data-parallx_sense=\"30\" data-bg-override=\"full\" data-bg_img_attach=\"scroll\" data-upb-overlay-color=\"rgba(0,0,0,0.5)\" data-upb-bg-animation=\"\" data-fadeout=\"\" data-bg-animation=\"left-animation\" data-bg-animation-type=\"h\" data-animation-repeat=\"repeat\" data-fadeout-percentage=\"30\" data-parallax-content=\"\" data-parallax-content-sense=\"30\" data-row-effect-mobile-disable=\"true\" data-img-parallax-mobile-disable=\"true\" data-rtl=\"false\"  data-custom-vc-row=\"\"  data-vc=\"7.6\"  data-is_old_vc=\"\"  data-theme-support=\"\"   data-overlay=\"true\" data-overlay-color=\"rgba(0,0,0,0.5)\" data-overlay-pattern=\"\" data-overlay-pattern-opacity=\"0.8\" data-overlay-pattern-size=\"\" data-overlay-pattern-attachment=\"scroll\"    ><\/div><div data-vc-full-width=\"true\" data-vc-full-width-init=\"false\" class=\"vc_row wpb_row vc_row-fluid bg-weiss unten bbhd-overflow\"><div class=\"wpb_column vc_column_container vc_col-sm-12\"><div class=\"vc_column-inner\"><div class=\"wpb_wrapper\">\n\t<div class=\"wpb_text_column wpb_content_element schwarz max-weite\" >\n\t\t<div class=\"wpb_wrapper\">\n\t\t\t<p style=\"text-align: center;\">130 exhibitors with around eighty wonderful decorated huts, blending with the surrounding mountain idyll, convey the Christmas village a special atmosphere.<\/p>\n\n\t\t<\/div>\n\t<\/div>\n<div class=\"vc_empty_space\"   style=\"height: 32px\"><span class=\"vc_empty_space_inner\"><\/span><\/div><\/div><\/div><\/div><\/div><div class=\"vc_row-full-width vc_clearfix\"><\/div><div class=\"vc_row wpb_row vc_row-fluid stickybar bbhd-overflow\"><div class=\"wpb_column vc_column_container vc_col-sm-12\"><div class=\"vc_column-inner vc_custom_1635349145655\"><div class=\"wpb_wrapper\"><div class=\"templatera_shortcode\"><div class=\"vc_row wpb_row vc_row-fluid stickybar bbhd-overflow\"><div class=\"wpb_column vc_column_container vc_col-sm-12\"><div class=\"vc_column-inner vc_custom_1635349145655\"><div class=\"wpb_wrapper\"><div class=\"ult-content-box-container\" >\t\t<div class=\"ult-content-box\" style=\"box-shadow: px px px px none;padding:0px;-webkit-transition: all 700ms ease;-moz-transition: all 700ms ease;-ms-transition: all 700ms ease;-o-transition: all 700ms ease;transition: all 700ms ease;\"  data-hover_box_shadow=\"none\"    ><div class=\"ult-just-icon-wrapper iphone-side-hide side-icon\"><div class=\"align-icon\" style=\"text-align:center;\">\n<a class=\"aio-tooltip 69e22f934e0f1\" href=\"https:\/\/erlebnis-weihnachtsmarkt-tickets.de\/index.php\/frontend\/booking\/type\" title=\"Tickets\" target=\"_blank\" rel=\"noopener\"  data-toggle=\"tooltip\" data-placement=\"\"><div class=\"aio-icon-img  uavc-square\" style=\"font-size:40px;background:#c0a45a;display:inline-block;\" >\n\t<img decoding=\"async\" class=\"img-icon\" alt=\"null\" src=\"https:\/\/staging.erlebnis-weihnachtsmarkt.de\/wp-content\/uploads\/2021\/10\/icon_ticket.png\"\/>\n<\/div><\/a><\/div><\/div><div class=\"ult-just-icon-wrapper iphone-side-hide side-icon\"><div class=\"align-icon\" style=\"text-align:center;\">\n<a class=\"aio-tooltip 69e22f934efbf\" href=\"https:\/\/staging.erlebnis-weihnachtsmarkt.de\/en\/veranstaltungen\/tagesprogramm\/\" title=\"Daily programme\"  data-toggle=\"tooltip\" data-placement=\"\"><div class=\"aio-icon-img  uavc-square\" style=\"font-size:40px;background:#c0a45a;display:inline-block;\" >\n\t<img decoding=\"async\" class=\"img-icon\" alt=\"null\" src=\"https:\/\/staging.erlebnis-weihnachtsmarkt.de\/wp-content\/uploads\/2021\/10\/icon_event.png\"\/>\n<\/div><\/a><\/div><\/div><div class=\"ult-just-icon-wrapper iphone-side-hide side-icon\"><div class=\"align-icon\" style=\"text-align:center;\">\n<a class=\"aio-tooltip 69e22f934fb19\" href=\"https:\/\/staging.erlebnis-weihnachtsmarkt.de\/en\/service\/#5\" title=\"Weather\"  data-toggle=\"tooltip\" data-placement=\"\"><div class=\"aio-icon-img  uavc-square\" style=\"font-size:40px;background:#c0a45a;display:inline-block;\" >\n\t<img decoding=\"async\" class=\"img-icon\" alt=\"null\" src=\"https:\/\/staging.erlebnis-weihnachtsmarkt.de\/wp-content\/uploads\/2021\/10\/icon_wetter.png\"\/>\n<\/div><\/a><\/div><\/div><div class=\"ult-just-icon-wrapper iphone-side-hide side-icon\"><div class=\"align-icon\" style=\"text-align:center;\">\n<a class=\"aio-tooltip 69e22f93506b1\" href=\"mailto:info@erlebnis-weihnachtsmarkt.de\"  data-toggle=\"tooltip\" data-placement=\"\"><div class=\"aio-icon-img  uavc-square\" style=\"font-size:40px;background:#c0a45a;display:inline-block;\" >\n\t<img decoding=\"async\" class=\"img-icon\" alt=\"null\" src=\"https:\/\/staging.erlebnis-weihnachtsmarkt.de\/wp-content\/uploads\/2021\/10\/icon_kontakt.png\"\/>\n<\/div><\/a><\/div><\/div><div class=\"ult-just-icon-wrapper iphone-side-hide side-icon\"><div class=\"align-icon\" style=\"text-align:center;\">\n<a class=\"aio-tooltip 69e22f9351213\" href=\"tel: 4983249332312\"  data-toggle=\"tooltip\" data-placement=\"\"><div class=\"aio-icon-img  uavc-square\" style=\"font-size:40px;background:#c0a45a;display:inline-block;\" >\n\t<img decoding=\"async\" class=\"img-icon\" alt=\"null\" src=\"https:\/\/staging.erlebnis-weihnachtsmarkt.de\/wp-content\/uploads\/2021\/10\/icon_cal.png\"\/>\n<\/div><\/a><\/div><\/div>\t\t<\/div><\/div><\/div><\/div><\/div><\/div><\/div><\/div><\/div><\/div><\/div><div class=\"vc_row wpb_row vc_row-fluid stickybar-rechts bbhd-overflow\"><div class=\"wpb_column vc_column_container vc_col-sm-12\"><div class=\"vc_column-inner vc_custom_1635349145655\"><div class=\"wpb_wrapper\"><div class=\"ult-content-box-container iphone-side-hide-unten rotate-text\" >\t\t<div class=\"ult-content-box\" style=\"box-shadow: px px px px none;-webkit-transition: all 700ms ease;-moz-transition: all 700ms ease;-ms-transition: all 700ms ease;-o-transition: all 700ms ease;transition: all 700ms ease;\"  data-hover_box_shadow=\"none\"    ><div class=\"vc_separator wpb_content_element vc_separator_align_center vc_sep_width_100 vc_sep_pos_align_center vc_sep_color_white vc_custom_1706713296791 wpb_content_element weiss vc_separator-has-text\" ><span class=\"vc_sep_holder vc_sep_holder_l\"><span class=\"vc_sep_line\"><\/span><\/span><h4>Zeitraum 28.11. - 15.12.2024<\/h4><span class=\"vc_sep_holder vc_sep_holder_r\"><span class=\"vc_sep_line\"><\/span><\/span>\n<\/div>\t\t<\/div><\/div><\/div><\/div><\/div><\/div><\/section><div class=\"vc_row-full-width vc_clearfix\"><\/div><section id=\"1\" data-vc-full-width=\"true\" data-vc-full-width-init=\"false\" class=\"vc_section bg-weiss vc_row-o-full-height vc_section-o-content-middle vc_section-flex\"><div data-vc-full-width=\"true\" data-vc-full-width-init=\"false\" class=\"vc_row wpb_row vc_row-fluid vc_row-o-content-top vc_row-flex bbhd-overflow\"><div class=\"wpb_column vc_column_container vc_col-sm-12\"><div class=\"vc_column-inner\"><div class=\"wpb_wrapper\"><div class=\"ult-spacer spacer-69e22f93561f1\" data-id=\"69e22f93561f1\" data-height=\"10\" data-height-mobile=\"10\" data-height-tab=\"10\" data-height-tab-portrait=\"\" data-height-mobile-landscape=\"\" style=\"clear:both;display:block;\"><\/div>\n<div class=\"vc_grid-container-wrapper vc_clearfix vc_grid-animation-none\">\n\t<div class=\"vc_grid-container vc_clearfix wpb_content_element vc_basic_grid\" data-initial-loading-animation=\"none\" data-vc-grid-settings=\"{&quot;page_id&quot;:3881,&quot;style&quot;:&quot;load-more&quot;,&quot;action&quot;:&quot;vc_get_vc_grid_data&quot;,&quot;shortcode_id&quot;:&quot;1706713288797-0f11e248-2b34-10&quot;,&quot;items_per_page&quot;:&quot;9&quot;,&quot;btn_data&quot;:{&quot;title&quot;:&quot;Load more&quot;,&quot;style&quot;:&quot;flat&quot;,&quot;gradient_color_1&quot;:&quot;&quot;,&quot;gradient_color_2&quot;:&quot;&quot;,&quot;gradient_custom_color_1&quot;:&quot;&quot;,&quot;gradient_custom_color_2&quot;:&quot;&quot;,&quot;gradient_text_color&quot;:&quot;&quot;,&quot;custom_background&quot;:&quot;#ededed&quot;,&quot;custom_text&quot;:&quot;#666&quot;,&quot;outline_custom_color&quot;:&quot;#666&quot;,&quot;outline_custom_hover_background&quot;:&quot;#666&quot;,&quot;outline_custom_hover_text&quot;:&quot;#fff&quot;,&quot;shape&quot;:&quot;rounded&quot;,&quot;color&quot;:&quot;blue&quot;,&quot;size&quot;:&quot;md&quot;,&quot;align&quot;:&quot;inline&quot;,&quot;button_block&quot;:&quot;&quot;,&quot;add_icon&quot;:&quot;&quot;,&quot;i_align&quot;:&quot;left&quot;,&quot;i_type&quot;:&quot;fontawesome&quot;,&quot;i_icon_fontawesome&quot;:&quot;fas fa-adjust&quot;,&quot;i_icon_openiconic&quot;:&quot;vc-oi vc-oi-dial&quot;,&quot;i_icon_typicons&quot;:&quot;typcn typcn-adjust-brightness&quot;,&quot;i_icon_entypo&quot;:&quot;entypo-icon entypo-icon-note&quot;,&quot;i_icon_linecons&quot;:&quot;vc_li vc_li-heart&quot;,&quot;i_icon_monosocial&quot;:&quot;&quot;,&quot;i_icon_material&quot;:&quot;&quot;,&quot;i_icon_pixelicons&quot;:&quot;vc_pixel_icon vc_pixel_icon-alert&quot;,&quot;el_id&quot;:&quot;&quot;,&quot;custom_onclick&quot;:&quot;&quot;,&quot;custom_onclick_code&quot;:&quot;&quot;},&quot;tag&quot;:&quot;vc_basic_grid&quot;}\" data-vc-request=\"https:\/\/staging.erlebnis-weihnachtsmarkt.de\/wp-admin\/admin-ajax.php\" data-vc-post-id=\"3881\" data-vc-public-nonce=\"75afd9c548\">\n\t\t\n\t<\/div>\n<\/div><\/div><\/div><\/div><\/div><div class=\"vc_row-full-width vc_clearfix\"><\/div><\/section><div class=\"vc_row-full-width vc_clearfix\"><\/div>\n<\/div>","protected":false},"excerpt":{"rendered":"Unsere Aussteller 130 Aussteller mit rund achtzig wundervoll geschm\u00fcckten H\u00fctten, angepasst an die Bergidylle, verleihen dem Weihnachtsdorf eine besondere Atmosph\u00e4re. Zeitraum 28.11. - 15.12.2024","protected":false},"author":1,"featured_media":0,"parent":0,"menu_order":0,"comment_status":"closed","ping_status":"closed","template":"","meta":{"_acf_changed":false,"footnotes":""},"class_list":["post-3881","page","type-page","status-publish","hentry"],"acf":[],"yoast_head":"<!-- This site is optimized with the Yoast SEO plugin v22.8 - https:\/\/yoast.com\/wordpress\/plugins\/seo\/ -->\n<title>Die Aussteller - Erlebnis-Weihnachtsmarkt<\/title>\n<meta name=\"robots\" content=\"noindex, follow, max-snippet:-1, max-image-preview:large, max-video-preview:-1\" \/>\n<meta property=\"og:locale\" content=\"en_GB\" \/>\n<meta property=\"og:type\" content=\"article\" \/>\n<meta property=\"og:title\" content=\"Die Aussteller - Erlebnis-Weihnachtsmarkt\" \/>\n<meta property=\"og:url\" content=\"https:\/\/staging.erlebnis-weihnachtsmarkt.de\/en\/die-aussteller\/\" \/>\n<meta property=\"og:site_name\" content=\"Erlebnis-Weihnachtsmarkt\" \/>\n<meta property=\"article:modified_time\" content=\"2024-01-31T15:01:38+00:00\" \/>\n<meta name=\"twitter:card\" content=\"summary_large_image\" \/>\n<meta name=\"twitter:label1\" content=\"Estimated reading time\" \/>\n\t<meta name=\"twitter:data1\" content=\"1 minute\" \/>\n<script type=\"application\/ld+json\" class=\"yoast-schema-graph\">{\"@context\":\"https:\/\/schema.org\",\"@graph\":[{\"@type\":\"WebPage\",\"@id\":\"https:\/\/staging.erlebnis-weihnachtsmarkt.de\/die-aussteller\/\",\"url\":\"https:\/\/staging.erlebnis-weihnachtsmarkt.de\/die-aussteller\/\",\"name\":\"Die Aussteller - Erlebnis-Weihnachtsmarkt\",\"isPartOf\":{\"@id\":\"https:\/\/staging.erlebnis-weihnachtsmarkt.de\/#website\"},\"datePublished\":\"2022-03-03T11:41:51+00:00\",\"dateModified\":\"2024-01-31T15:01:38+00:00\",\"breadcrumb\":{\"@id\":\"https:\/\/staging.erlebnis-weihnachtsmarkt.de\/die-aussteller\/#breadcrumb\"},\"inLanguage\":\"en-GB\",\"potentialAction\":[{\"@type\":\"ReadAction\",\"target\":[\"https:\/\/staging.erlebnis-weihnachtsmarkt.de\/die-aussteller\/\"]}]},{\"@type\":\"BreadcrumbList\",\"@id\":\"https:\/\/staging.erlebnis-weihnachtsmarkt.de\/die-aussteller\/#breadcrumb\",\"itemListElement\":[{\"@type\":\"ListItem\",\"position\":1,\"name\":\"Startseite\",\"item\":\"https:\/\/staging.erlebnis-weihnachtsmarkt.de\/\"},{\"@type\":\"ListItem\",\"position\":2,\"name\":\"Die Aussteller\"}]},{\"@type\":\"WebSite\",\"@id\":\"https:\/\/staging.erlebnis-weihnachtsmarkt.de\/#website\",\"url\":\"https:\/\/staging.erlebnis-weihnachtsmarkt.de\/\",\"name\":\"Erlebnis-Weihnachtsmarkt\",\"description\":\"Bad Hindelang\",\"potentialAction\":[{\"@type\":\"SearchAction\",\"target\":{\"@type\":\"EntryPoint\",\"urlTemplate\":\"https:\/\/staging.erlebnis-weihnachtsmarkt.de\/?s={search_term_string}\"},\"query-input\":\"required name=search_term_string\"}],\"inLanguage\":\"en-GB\"}]}<\/script>\n<!-- \/ Yoast SEO plugin. -->","yoast_head_json":{"title":"Die Aussteller - Erlebnis-Weihnachtsmarkt","robots":{"index":"noindex","follow":"follow","max-snippet":"max-snippet:-1","max-image-preview":"max-image-preview:large","max-video-preview":"max-video-preview:-1"},"og_locale":"en_GB","og_type":"article","og_title":"Die Aussteller - Erlebnis-Weihnachtsmarkt","og_url":"https:\/\/staging.erlebnis-weihnachtsmarkt.de\/en\/die-aussteller\/","og_site_name":"Erlebnis-Weihnachtsmarkt","article_modified_time":"2024-01-31T15:01:38+00:00","twitter_card":"summary_large_image","twitter_misc":{"Estimated reading time":"1 minute"},"schema":{"@context":"https:\/\/schema.org","@graph":[{"@type":"WebPage","@id":"https:\/\/staging.erlebnis-weihnachtsmarkt.de\/die-aussteller\/","url":"https:\/\/staging.erlebnis-weihnachtsmarkt.de\/die-aussteller\/","name":"Die Aussteller - Erlebnis-Weihnachtsmarkt","isPartOf":{"@id":"https:\/\/staging.erlebnis-weihnachtsmarkt.de\/#website"},"datePublished":"2022-03-03T11:41:51+00:00","dateModified":"2024-01-31T15:01:38+00:00","breadcrumb":{"@id":"https:\/\/staging.erlebnis-weihnachtsmarkt.de\/die-aussteller\/#breadcrumb"},"inLanguage":"en-GB","potentialAction":[{"@type":"ReadAction","target":["https:\/\/staging.erlebnis-weihnachtsmarkt.de\/die-aussteller\/"]}]},{"@type":"BreadcrumbList","@id":"https:\/\/staging.erlebnis-weihnachtsmarkt.de\/die-aussteller\/#breadcrumb","itemListElement":[{"@type":"ListItem","position":1,"name":"Startseite","item":"https:\/\/staging.erlebnis-weihnachtsmarkt.de\/"},{"@type":"ListItem","position":2,"name":"Die Aussteller"}]},{"@type":"WebSite","@id":"https:\/\/staging.erlebnis-weihnachtsmarkt.de\/#website","url":"https:\/\/staging.erlebnis-weihnachtsmarkt.de\/","name":"Erlebnis-Weihnachtsmarkt","description":"Bad Hindelang","potentialAction":[{"@type":"SearchAction","target":{"@type":"EntryPoint","urlTemplate":"https:\/\/staging.erlebnis-weihnachtsmarkt.de\/?s={search_term_string}"},"query-input":"required name=search_term_string"}],"inLanguage":"en-GB"}]}},"_links":{"self":[{"href":"https:\/\/staging.erlebnis-weihnachtsmarkt.de\/en\/wp-json\/wp\/v2\/pages\/3881","targetHints":{"allow":["GET"]}}],"collection":[{"href":"https:\/\/staging.erlebnis-weihnachtsmarkt.de\/en\/wp-json\/wp\/v2\/pages"}],"about":[{"href":"https:\/\/staging.erlebnis-weihnachtsmarkt.de\/en\/wp-json\/wp\/v2\/types\/page"}],"author":[{"embeddable":true,"href":"https:\/\/staging.erlebnis-weihnachtsmarkt.de\/en\/wp-json\/wp\/v2\/users\/1"}],"replies":[{"embeddable":true,"href":"https:\/\/staging.erlebnis-weihnachtsmarkt.de\/en\/wp-json\/wp\/v2\/comments?post=3881"}],"version-history":[{"count":6,"href":"https:\/\/staging.erlebnis-weihnachtsmarkt.de\/en\/wp-json\/wp\/v2\/pages\/3881\/revisions"}],"predecessor-version":[{"id":5328,"href":"https:\/\/staging.erlebnis-weihnachtsmarkt.de\/en\/wp-json\/wp\/v2\/pages\/3881\/revisions\/5328"}],"wp:attachment":[{"href":"https:\/\/staging.erlebnis-weihnachtsmarkt.de\/en\/wp-json\/wp\/v2\/media?parent=3881"}],"curies":[{"name":"wp","href":"https:\/\/api.w.org\/{rel}","templated":true}]}}