{"id":2202,"date":"2021-10-28T14:37:07","date_gmt":"2021-10-28T12:37:07","guid":{"rendered":"https:\/\/staging.erlebnis-weihnachtsmarkt.de\/?page_id=2202"},"modified":"2022-04-06T10:43:38","modified_gmt":"2022-04-06T08:43:38","slug":"impressum","status":"publish","type":"page","link":"https:\/\/staging.erlebnis-weihnachtsmarkt.de\/en\/impressum\/","title":{"rendered":"Imprint"},"content":{"rendered":"<div class=\"wpb-content-wrapper\"><section data-vc-full-width=\"true\" data-vc-full-width-init=\"false\" class=\"vc_section teaser400 bg-blau vc_section-o-content-bottom vc_section-flex\"><div class=\"vc_row wpb_row vc_row-fluid vc_row-o-content-middle vc_row-flex bbhd-overflow\"><div class=\"wpb_column vc_column_container vc_col-sm-12\"><div class=\"vc_column-inner\"><div class=\"wpb_wrapper\"><h4 style=\"text-align: center\" class=\"vc_custom_heading vc_do_custom_heading weiss claim wpb_animate_when_almost_visible wpb_fadeInUp fadeInUp\" >Imprint<\/h4><div class=\"vc_empty_space\"   style=\"height: 32px\"><span class=\"vc_empty_space_inner\"><\/span><\/div><\/div><\/div><\/div><\/div><\/section><div class=\"vc_row-full-width vc_clearfix\"><\/div><section data-vc-full-width=\"true\" data-vc-full-width-init=\"false\" class=\"vc_section bg-weiss vc_row-o-full-height vc_section-o-content-middle vc_section-flex\"><div data-vc-full-width=\"true\" data-vc-full-width-init=\"false\" class=\"vc_row wpb_row vc_row-fluid bbhd-overflow\"><div class=\"wpb_column vc_column_container vc_col-sm-2\"><div class=\"vc_column-inner\"><div class=\"wpb_wrapper\"><\/div><\/div><\/div><div class=\"wpb_column vc_column_container vc_col-sm-8\"><div class=\"vc_column-inner\"><div class=\"wpb_wrapper\"><div class=\"ult-spacer spacer-69e219b6a227c\" data-id=\"69e219b6a227c\" data-height=\"80\" data-height-mobile=\"80\" data-height-tab=\"80\" data-height-tab-portrait=\"\" data-height-mobile-landscape=\"\" style=\"clear:both;display:block;\"><\/div>\n\t<div class=\"wpb_text_column wpb_content_element schwarz\" >\n\t\t<div class=\"wpb_wrapper\">\n\t\t\t<h2 style=\"text-align: left;\">Information pursuant to Sect. 5 German Telemedia Act (TMG)<\/h2>\n<p style=\"text-align: left;\">Wir f\u00fcr Bad Hindelang eG<br \/>\nAm Auwald 12<br \/>\n87541 Bad Hindelang<\/p>\n<p>Umsatzsteuer Identifikationsnummer: DE233356612<\/p>\n<p style=\"text-align: left;\">Register of Cooperative Societies: 1084<br \/>\nRegistration court: Amtsgericht Kempten<\/p>\n<p style=\"text-align: left;\"><strong>Represented by:<\/strong><br \/>\nMrs<br \/>\nAnja Weber<br \/>\nCEO<\/p>\n<p style=\"text-align: left;\"><strong>Chairman, supervisory board:<\/strong><br \/>\nWerner Schafroth<\/p>\n<h2 style=\"text-align: left;\">Contact<\/h2>\n<p style=\"text-align: left;\">Phone: 08324-93323-12<br \/>\nTelefax: 08324-93323-19<br \/>\nE-mail: info@staging.erlebnis-weihnachtsmarkt.de<\/p>\n<h2 style=\"text-align: left;\">Person responsible for editorial<\/h2>\n<p style=\"text-align: left;\">Wir f\u00fcr Bad Hindelang eG<br \/>\nMrs Anja Weber<br \/>\nAm Auwald 12<br \/>\n87541 Bad Hindelang<\/p>\n<h2 style=\"text-align: left;\">EU dispute resolution<\/h2>\n<p style=\"text-align: left;\">The European Commission provides a platform for online dispute resolution (ODR): <a href=\"https:\/\/ec.europa.eu\/consumers\/odr\/\" target=\"_blank\" rel=\"noopener noreferrer\">https:\/\/ec.europa.eu\/consumers\/odr\/<\/a>.<br \/>\nOur e-mail address can be found above in the site notice.<\/p>\n<h2 style=\"text-align: left;\">Dispute resolution proceedings in front of a consumer arbitration\nboard<\/h2>\n<p style=\"text-align: left;\">We are not willing or obliged to participate in dispute resolution proceedings in front of a consumer arbitration board.<\/p>\n<h3>Haftung f\u00fcr Inhalte<\/h3>\n<p>Als Diensteanbieter sind wir gem\u00e4\u00df \u00a7 7 Abs.1 TMG f\u00fcr eigene Inhalte auf diesen Seiten nach den allgemeinen Gesetzen verantwortlich. Nach \u00a7\u00a7 8 bis 10 TMG sind wir als Diensteanbieter jedoch nicht verpflichtet, \u00fcbermittelte oder gespeicherte fremde Informationen zu \u00fcberwachen oder nach Umst\u00e4nden zu forschen, die auf eine rechtswidrige T\u00e4tigkeit hinweisen.<\/p>\n<p>Verpflichtungen zur Entfernung oder Sperrung der Nutzung von Informationen nach den allgemeinen Gesetzen bleiben hiervon unber\u00fchrt. Eine diesbez\u00fcgliche Haftung ist jedoch erst ab dem Zeitpunkt der Kenntnis einer konkreten Rechtsverletzung m\u00f6glich. Bei Bekanntwerden von entsprechenden Rechtsverletzungen werden wir diese Inhalte umgehend entfernen.<\/p>\n<h3>Haftung f\u00fcr Links<\/h3>\n<p>Unser Angebot enth\u00e4lt Links zu externen Websites Dritter, auf deren Inhalte wir keinen Einfluss haben. Deshalb k\u00f6nnen wir f\u00fcr diese fremden Inhalte auch keine Gew\u00e4hr \u00fcbernehmen. F\u00fcr die Inhalte der verlinkten Seiten ist stets der jeweilige Anbieter oder Betreiber der Seiten verantwortlich. Die verlinkten Seiten wurden zum Zeitpunkt der Verlinkung auf m\u00f6gliche Rechtsverst\u00f6\u00dfe \u00fcberpr\u00fcft. Rechtswidrige Inhalte waren zum Zeitpunkt der Verlinkung nicht erkennbar.<\/p>\n<p>Eine permanente inhaltliche Kontrolle der verlinkten Seiten ist jedoch ohne konkrete Anhaltspunkte einer Rechtsverletzung nicht zumutbar. Bei Bekanntwerden von Rechtsverletzungen werden wir derartige Links umgehend entfernen.<\/p>\n<h3>Urheberrecht<\/h3>\n<p>Die durch die Seitenbetreiber erstellten Inhalte und Werke auf diesen Seiten unterliegen dem deutschen Urheberrecht. Die Vervielf\u00e4ltigung, Bearbeitung, Verbreitung und jede Art der Verwertung au\u00dferhalb der Grenzen des Urheberrechtes bed\u00fcrfen der schriftlichen Zustimmung des jeweiligen Autors bzw. Erstellers. Downloads und Kopien dieser Seite sind nur f\u00fcr den privaten, nicht kommerziellen Gebrauch gestattet.<\/p>\n<p>Soweit die Inhalte auf dieser Seite nicht vom Betreiber erstellt wurden, werden die Urheberrechte Dritter beachtet. Insbesondere werden Inhalte Dritter als solche gekennzeichnet. Sollten Sie trotzdem auf eine Urheberrechtsverletzung aufmerksam werden, bitten wir um einen entsprechenden Hinweis. Bei Bekanntwerden von Rechtsverletzungen werden wir derartige Inhalte umgehend entfernen.<\/p>\n\n\t\t<\/div>\n\t<\/div>\n\n\t<div class=\"wpb_text_column wpb_content_element schwarz\" >\n\t\t<div class=\"wpb_wrapper\">\n\t\t\t<h2 data-zpfieldname=\"headline\">Umsetzung<\/h2>\n<p>SERVICEAGENTUR MEDIA ALLG\u00c4U<br id=\"isPasted\" \/>B\u00fcroadresse &amp; Kontaktdaten in Burgberg<br \/>\nMittagstra\u00dfe 4c | 87545 Burgberg<br \/>\nTel.: +49 (0) 83 21 \/ 607 69 69 | Fax: +49 (0) 83 21 \/ 607 69 70<\/p>\n<p>E-Mail: <a href=\"mailto:info@media-allgaeu.de\">info@media-allgaeu.de<\/a> | Internet: <a href=\"https:\/\/www.media-allgaeu.de\/\" target=\"_blank\" rel=\"noopener noreferrer\">www.media-allgaeu.de<\/a><\/p>\n<p>Text\u00fcbersetzung mit freundlicher Unterst\u00fctzung:<br \/>\nCopyright Ursula Steiner<\/p>\n\n\t\t<\/div>\n\t<\/div>\n<div class=\"ult-spacer spacer-69e219b6a389c\" data-id=\"69e219b6a389c\" data-height=\"10\" data-height-mobile=\"10\" data-height-tab=\"10\" data-height-tab-portrait=\"\" data-height-mobile-landscape=\"\" style=\"clear:both;display:block;\"><\/div>\n\t<div class=\"wpb_text_column wpb_content_element schwarz\" >\n\t\t<div class=\"wpb_wrapper\">\n\t\t\t<p>Login: <a href=\"https:\/\/erlebnis-weihnachtsmarkt-tickets.de\/index.php\/login\" target=\"_blank\" rel=\"noopener\">Ticketsystem<\/a><\/p>\n\n\t\t<\/div>\n\t<\/div>\n<\/div><\/div><\/div><div class=\"wpb_column vc_column_container vc_col-sm-2\"><div class=\"vc_column-inner\"><div class=\"wpb_wrapper\"><\/div><\/div><\/div><\/div><div class=\"vc_row-full-width vc_clearfix\"><\/div><\/section><div class=\"vc_row-full-width vc_clearfix\"><\/div>\n<\/div>","protected":false},"excerpt":{"rendered":"Impressum Angaben gem\u00e4\u00df \u00a7 5 TMG Wir f\u00fcr Bad Hindelang eG Am Auwald 12 87541 Bad Hindelang Umsatzsteuer Identifikationsnummer: DE233356612 Genossenschaftsregister: 1084 Registergericht: Amtsgericht Kempten Vertreten durch: Frau Anja Weber Gesch\u00e4fstf\u00fchrerin Vorsitzender des Aufsichtsrats: Werner Schafroth Kontakt Telefon: 08324-93323-12 Telefax: 08324-93323-19 E-Mail: info@staging.erlebnis-weihnachtsmarkt.de Redaktionell verantwortlich Wir f\u00fcr Bad Hindelang eG Frau Anja Weber Am Auwald [...]","protected":false},"author":2,"featured_media":0,"parent":0,"menu_order":0,"comment_status":"closed","ping_status":"closed","template":"","meta":{"_acf_changed":false,"footnotes":""},"class_list":["post-2202","page","type-page","status-publish","hentry"],"acf":[],"yoast_head":"<!-- This site is optimized with the Yoast SEO plugin v22.8 - https:\/\/yoast.com\/wordpress\/plugins\/seo\/ -->\n<title>Impressum - Erlebnis-Weihnachtsmarkt<\/title>\n<meta name=\"robots\" content=\"noindex, follow, max-snippet:-1, max-image-preview:large, max-video-preview:-1\" \/>\n<meta property=\"og:locale\" content=\"en_GB\" \/>\n<meta property=\"og:type\" content=\"article\" \/>\n<meta property=\"og:title\" content=\"Impressum - Erlebnis-Weihnachtsmarkt\" \/>\n<meta property=\"og:url\" content=\"https:\/\/staging.erlebnis-weihnachtsmarkt.de\/en\/impressum\/\" \/>\n<meta property=\"og:site_name\" content=\"Erlebnis-Weihnachtsmarkt\" \/>\n<meta property=\"article:modified_time\" content=\"2022-04-06T08:43:38+00:00\" \/>\n<meta name=\"twitter:card\" content=\"summary_large_image\" \/>\n<meta name=\"twitter:label1\" content=\"Estimated reading time\" \/>\n\t<meta name=\"twitter:data1\" content=\"3 minutes\" \/>\n<script type=\"application\/ld+json\" class=\"yoast-schema-graph\">{\"@context\":\"https:\/\/schema.org\",\"@graph\":[{\"@type\":\"WebPage\",\"@id\":\"https:\/\/staging.erlebnis-weihnachtsmarkt.de\/impressum\/\",\"url\":\"https:\/\/staging.erlebnis-weihnachtsmarkt.de\/impressum\/\",\"name\":\"Impressum - Erlebnis-Weihnachtsmarkt\",\"isPartOf\":{\"@id\":\"https:\/\/staging.erlebnis-weihnachtsmarkt.de\/#website\"},\"datePublished\":\"2021-10-28T12:37:07+00:00\",\"dateModified\":\"2022-04-06T08:43:38+00:00\",\"breadcrumb\":{\"@id\":\"https:\/\/staging.erlebnis-weihnachtsmarkt.de\/impressum\/#breadcrumb\"},\"inLanguage\":\"en-GB\",\"potentialAction\":[{\"@type\":\"ReadAction\",\"target\":[\"https:\/\/staging.erlebnis-weihnachtsmarkt.de\/impressum\/\"]}]},{\"@type\":\"BreadcrumbList\",\"@id\":\"https:\/\/staging.erlebnis-weihnachtsmarkt.de\/impressum\/#breadcrumb\",\"itemListElement\":[{\"@type\":\"ListItem\",\"position\":1,\"name\":\"Startseite\",\"item\":\"https:\/\/staging.erlebnis-weihnachtsmarkt.de\/\"},{\"@type\":\"ListItem\",\"position\":2,\"name\":\"Impressum\"}]},{\"@type\":\"WebSite\",\"@id\":\"https:\/\/staging.erlebnis-weihnachtsmarkt.de\/#website\",\"url\":\"https:\/\/staging.erlebnis-weihnachtsmarkt.de\/\",\"name\":\"Erlebnis-Weihnachtsmarkt\",\"description\":\"Bad Hindelang\",\"potentialAction\":[{\"@type\":\"SearchAction\",\"target\":{\"@type\":\"EntryPoint\",\"urlTemplate\":\"https:\/\/staging.erlebnis-weihnachtsmarkt.de\/?s={search_term_string}\"},\"query-input\":\"required name=search_term_string\"}],\"inLanguage\":\"en-GB\"}]}<\/script>\n<!-- \/ Yoast SEO plugin. -->","yoast_head_json":{"title":"Impressum - Erlebnis-Weihnachtsmarkt","robots":{"index":"noindex","follow":"follow","max-snippet":"max-snippet:-1","max-image-preview":"max-image-preview:large","max-video-preview":"max-video-preview:-1"},"og_locale":"en_GB","og_type":"article","og_title":"Impressum - Erlebnis-Weihnachtsmarkt","og_url":"https:\/\/staging.erlebnis-weihnachtsmarkt.de\/en\/impressum\/","og_site_name":"Erlebnis-Weihnachtsmarkt","article_modified_time":"2022-04-06T08:43:38+00:00","twitter_card":"summary_large_image","twitter_misc":{"Estimated reading time":"3 minutes"},"schema":{"@context":"https:\/\/schema.org","@graph":[{"@type":"WebPage","@id":"https:\/\/staging.erlebnis-weihnachtsmarkt.de\/impressum\/","url":"https:\/\/staging.erlebnis-weihnachtsmarkt.de\/impressum\/","name":"Impressum - Erlebnis-Weihnachtsmarkt","isPartOf":{"@id":"https:\/\/staging.erlebnis-weihnachtsmarkt.de\/#website"},"datePublished":"2021-10-28T12:37:07+00:00","dateModified":"2022-04-06T08:43:38+00:00","breadcrumb":{"@id":"https:\/\/staging.erlebnis-weihnachtsmarkt.de\/impressum\/#breadcrumb"},"inLanguage":"en-GB","potentialAction":[{"@type":"ReadAction","target":["https:\/\/staging.erlebnis-weihnachtsmarkt.de\/impressum\/"]}]},{"@type":"BreadcrumbList","@id":"https:\/\/staging.erlebnis-weihnachtsmarkt.de\/impressum\/#breadcrumb","itemListElement":[{"@type":"ListItem","position":1,"name":"Startseite","item":"https:\/\/staging.erlebnis-weihnachtsmarkt.de\/"},{"@type":"ListItem","position":2,"name":"Impressum"}]},{"@type":"WebSite","@id":"https:\/\/staging.erlebnis-weihnachtsmarkt.de\/#website","url":"https:\/\/staging.erlebnis-weihnachtsmarkt.de\/","name":"Erlebnis-Weihnachtsmarkt","description":"Bad Hindelang","potentialAction":[{"@type":"SearchAction","target":{"@type":"EntryPoint","urlTemplate":"https:\/\/staging.erlebnis-weihnachtsmarkt.de\/?s={search_term_string}"},"query-input":"required name=search_term_string"}],"inLanguage":"en-GB"}]}},"_links":{"self":[{"href":"https:\/\/staging.erlebnis-weihnachtsmarkt.de\/en\/wp-json\/wp\/v2\/pages\/2202","targetHints":{"allow":["GET"]}}],"collection":[{"href":"https:\/\/staging.erlebnis-weihnachtsmarkt.de\/en\/wp-json\/wp\/v2\/pages"}],"about":[{"href":"https:\/\/staging.erlebnis-weihnachtsmarkt.de\/en\/wp-json\/wp\/v2\/types\/page"}],"author":[{"embeddable":true,"href":"https:\/\/staging.erlebnis-weihnachtsmarkt.de\/en\/wp-json\/wp\/v2\/users\/2"}],"replies":[{"embeddable":true,"href":"https:\/\/staging.erlebnis-weihnachtsmarkt.de\/en\/wp-json\/wp\/v2\/comments?post=2202"}],"version-history":[{"count":21,"href":"https:\/\/staging.erlebnis-weihnachtsmarkt.de\/en\/wp-json\/wp\/v2\/pages\/2202\/revisions"}],"predecessor-version":[{"id":4811,"href":"https:\/\/staging.erlebnis-weihnachtsmarkt.de\/en\/wp-json\/wp\/v2\/pages\/2202\/revisions\/4811"}],"wp:attachment":[{"href":"https:\/\/staging.erlebnis-weihnachtsmarkt.de\/en\/wp-json\/wp\/v2\/media?parent=2202"}],"curies":[{"name":"wp","href":"https:\/\/api.w.org\/{rel}","templated":true}]}}